{"id":129034,"date":"2024-01-12T05:48:15","date_gmt":"2024-01-12T05:48:15","guid":{"rendered":"https:\/\/demo.rstheme.com\/wordpress\/bionic\/services\/dashboard-and-sass-design-copy\/"},"modified":"2024-06-05T21:51:26","modified_gmt":"2024-06-05T21:51:26","slug":"analyse","status":"publish","type":"page","link":"https:\/\/www.sophie-koehler.de\/index.php\/skills\/analyse\/","title":{"rendered":"Analyse von Unternehmensprozessen"},"content":{"rendered":"\t\t<div data-elementor-type=\"wp-page\" data-elementor-id=\"129034\" class=\"elementor elementor-129034\">\n\t\t\t\t\r\n\t\t<div class=\"default no-position show_shadow rs-sticky-default elementor-element elementor-element-380853ea e-flex e-con-boxed e-con e-parent\" data-id=\"380853ea\" data-element_type=\"container\" data-settings=\"{&quot;background_background&quot;:&quot;classic&quot;}\">\n\t\t\t\t\t<div class=\"e-con-inner\">\n\t\t\r\n\t\t<div class=\"default no-position show_shadow rs-sticky-default elementor-element elementor-element-1e914742 e-con-full e-flex e-con e-child\" data-id=\"1e914742\" data-element_type=\"container\">\n\t\t\r\n\t\t\t\t<div class=\"elementor-element elementor-element-4fc7983a elementor-widget elementor-widget-image\" data-id=\"4fc7983a\" data-element_type=\"widget\" data-widget_type=\"image.default\">\n\t\t\t\t<div class=\"elementor-widget-container\">\n\t\t\t<style>\/*! elementor - v3.21.0 - 26-05-2024 *\/\n.elementor-widget-image{text-align:center}.elementor-widget-image a{display:inline-block}.elementor-widget-image a img[src$=\".svg\"]{width:48px}.elementor-widget-image img{vertical-align:middle;display:inline-block}<\/style>\t\t\t\t\t\t\t\t\t\t<img fetchpriority=\"high\" decoding=\"async\" width=\"2560\" height=\"1696\" src=\"https:\/\/www.sophie-koehler.de\/wp-content\/uploads\/2024\/06\/analyse-scaled.jpg\" class=\"attachment-full size-full wp-image-142347\" alt=\"\" srcset=\"https:\/\/www.sophie-koehler.de\/wp-content\/uploads\/2024\/06\/analyse-scaled.jpg 2560w, https:\/\/www.sophie-koehler.de\/wp-content\/uploads\/2024\/06\/analyse-300x199.jpg 300w, https:\/\/www.sophie-koehler.de\/wp-content\/uploads\/2024\/06\/analyse-1024x678.jpg 1024w, https:\/\/www.sophie-koehler.de\/wp-content\/uploads\/2024\/06\/analyse-768x509.jpg 768w, https:\/\/www.sophie-koehler.de\/wp-content\/uploads\/2024\/06\/analyse-1536x1017.jpg 1536w, https:\/\/www.sophie-koehler.de\/wp-content\/uploads\/2024\/06\/analyse-2048x1356.jpg 2048w\" sizes=\"(max-width: 2560px) 100vw, 2560px\" \/>\t\t\t\t\t\t\t\t\t\t\t\t\t<\/div>\n\t\t\t\t<\/div>\n\t\t\t\t<\/div>\n\t\t\t\t\t<\/div>\n\t\t\t\t<\/div>\n\t\t\r\n\t\t<div class=\"default no-position show_shadow rs-sticky-default elementor-element elementor-element-26e9cb21 e-flex e-con-boxed e-con e-parent\" data-id=\"26e9cb21\" data-element_type=\"container\" data-settings=\"{&quot;background_background&quot;:&quot;classic&quot;}\">\n\t\t\t\t\t<div class=\"e-con-inner\">\n\t\t\r\n\t\t<div class=\"default no-position show_shadow rs-sticky-default elementor-element elementor-element-60f146cf e-con-full e-flex e-con e-child\" data-id=\"60f146cf\" data-element_type=\"container\">\n\t\t\r\n\t\t\t\t<div class=\"elementor-element elementor-element-345ebc0e elementor-widget elementor-widget-rs-heading\" data-id=\"345ebc0e\" data-element_type=\"widget\" data-widget_type=\"rs-heading.default\">\n\t\t\t\t<div class=\"elementor-widget-container\">\n\t\t\t\n        <div class=\"prelements-heading style3 color_ animate- left normal_color  subnormal_color dots_ subnormal_color  \">\n        \t<div class=\"title-inner\">\n\t            <h2 class=\"title rs-split-text-enable split-in-fade\">Den digitalen Wandel als Sprungbrett f\u00fcr mehr Effizienz nutzen  \n\t\t\t<\/h2>\t\t\t\t\n\t\t\t\t\t        <\/div>\n\t                    \t<div class=\"description\">\n            \t\t            \t\t<p>Um als Unternehmen, oder im kleinen Rahmen als Projekt, zukunftsf\u00e4hig und effizient aufgestellt zu sein, muss man stets am Zahn der Zeit bleiben. Bestehende Strukturen (der Zusammenarbeit, Prozesse, Kundenmanagement etc.) sollten regelm\u00e4\u00dfig auf Aktualit\u00e4t gepr\u00fcft werden, um Verbesserungspotenziale zu finden. Mir macht es Spa\u00df, Prozesse zu analysieren, diese in Flowcharts zu visualisieren und Optimierungsl\u00fccken aufzudecken. Wo k\u00f6nnen wir durch Einf\u00fchrung eines neuen Prozesses \/ einer Software \/ eines Tools \/ von KI oder einer neuen Gesch\u00e4ftseinheit Ressourcen einsparen?\u00a0<\/p>  \n            \t<\/div>\n        \t        <\/div>\n\t\t\n        \t\t<\/div>\n\t\t\t\t<\/div>\n\t\t\t\t<\/div>\n\t\t\r\n\t\t<div class=\"default no-position show_shadow rs-sticky-default elementor-element elementor-element-37fa7f86 e-con-full e-flex e-con e-child\" data-id=\"37fa7f86\" data-element_type=\"container\">\n\t\t\r\n\t\t\t\t<div class=\"elementor-element elementor-element-26f7feb6 elementor-widget elementor-widget-rs-heading\" data-id=\"26f7feb6\" data-element_type=\"widget\" data-widget_type=\"rs-heading.default\">\n\t\t\t\t<div class=\"elementor-widget-container\">\n\t\t\t\n        <div class=\"prelements-heading style3 color_ animate- left normal_color  subnormal_color dots_ subnormal_color  \">\n        \t<div class=\"title-inner\">\n\t            \t\t\t\t\n\t\t\t\t\t        <\/div>\n\t                    \t<div class=\"description\">\n            \t\t            \t\t<p>Durch meine Arbeit in einem Start-up-\u00e4hnlichen jungen Unternehmen konnte ich von Beginn an Prozesse, Strukturen &amp; Abl\u00e4ufe in unserer Abteilung mitgestalten und dadurch fundierte Erfahrung in folgenden Bereichen sammeln:\u00a0<\/p>  \n            \t<\/div>\n        \t        <\/div>\n\t\t\n        \t\t<\/div>\n\t\t\t\t<\/div>\n\t\t\r\n\t\t\t\t<div class=\"elementor-element elementor-element-36fe1779 elementor-widget elementor-widget-rsfeatureslist\" data-id=\"36fe1779\" data-element_type=\"widget\" data-widget_type=\"rsfeatureslist.default\">\n\t\t\t\t<div class=\"elementor-widget-container\">\n\t\t\t \n\n        <div class=\"rs-features-list-content top-image  color_default_scheme\">\n\n\n            \n            <div class=\"feature-content\">\n                                 \n                \n                                    <ul class=\"rs-features-list\">\n                                                    <li class=\"elementor-repeater-item-ca52310\">\n                                                                    <i class=\"ri-check-double-line\"><\/i>\n                                \n                                                                <div class=\"list-feature-content\">\n                                                                        <span class=\"rs-feature-text\">System-, Markt- &amp; Datenanalyse<\/span>\n                                                                    <\/div>\n                            <\/li>\n                                                    <li class=\"elementor-repeater-item-ec5c5b2\">\n                                                                    <i class=\"ri-check-double-line\"><\/i>\n                                \n                                                                <div class=\"list-feature-content\">\n                                                                        <span class=\"rs-feature-text\">Standortanalyse<\/span>\n                                                                    <\/div>\n                            <\/li>\n                                                    <li class=\"elementor-repeater-item-9490617\">\n                                                                    <i class=\"ri-check-double-line\"><\/i>\n                                \n                                                                <div class=\"list-feature-content\">\n                                                                        <span class=\"rs-feature-text\">Gesch\u00e4ftsprozessmanagement (inkl. Prozessanalyse &amp; -optimierung)<\/span>\n                                                                    <\/div>\n                            <\/li>\n                                                    <li class=\"elementor-repeater-item-94eac1e\">\n                                                                    <i class=\"ri-check-double-line\"><\/i>\n                                \n                                                                <div class=\"list-feature-content\">\n                                                                        <span class=\"rs-feature-text\">SWOT- &amp; PESTEL-Analyse<\/span>\n                                                                    <\/div>\n                            <\/li>\n                                                    <li class=\"elementor-repeater-item-0182909\">\n                                                                    <i class=\"ri-check-double-line\"><\/i>\n                                \n                                                                <div class=\"list-feature-content\">\n                                                                        <span class=\"rs-feature-text\">Benchmarking &amp; best practices<\/span>\n                                                                    <\/div>\n                            <\/li>\n                                            <\/ul>\n                            <\/div>  \n\n        <\/div>\n        \t\t<\/div>\n\t\t\t\t<\/div>\n\t\t\t\t<\/div>\n\t\t\t\t\t<\/div>\n\t\t\t\t<\/div>\n\t\t\r\n\t\t<div class=\"default no-position show_shadow rs-sticky-default elementor-element elementor-element-5263401 e-flex e-con-boxed e-con e-parent\" data-id=\"5263401\" data-element_type=\"container\" data-settings=\"{&quot;background_background&quot;:&quot;classic&quot;}\">\n\t\t\t\t\t<div class=\"e-con-inner\">\n\t\t\r\n\t\t<div class=\"default no-position show_shadow rs-sticky-default elementor-element elementor-element-50151f0 e-con-full e-flex e-con e-child\" data-id=\"50151f0\" data-element_type=\"container\">\n\t\t\r\n\t\t<div class=\"default no-position show_shadow rs-sticky-default elementor-element elementor-element-9ed7e33 e-con-full e-flex e-con e-child\" data-id=\"9ed7e33\" data-element_type=\"container\">\n\t\t\r\n\t\t\t\t<div class=\"elementor-element elementor-element-77dd937 elementor-hidden-mobile elementor-widget elementor-widget-rs-image\" data-id=\"77dd937\" data-element_type=\"widget\" data-widget_type=\"rs-image.default\">\n\t\t\t\t<div class=\"elementor-widget-container\">\n\t\t\t\n        <div class=\"rs-image yes  \">\n                                                <img decoding=\"async\" class=\"rs-multi-image move_leftright reverse- blend_unset\" src=\"https:\/\/www.sophie-koehler.de\/wp-content\/uploads\/2024\/04\/cta-img1-f1.png\" alt=\"image\"\/>\n                                                                        <\/div>   \n          \n    \t\t<\/div>\n\t\t\t\t<\/div>\n\t\t\r\n\t\t\t\t<div class=\"elementor-element elementor-element-4033b75 elementor-absolute gsap-move right-60 start-81 elementor-widget elementor-widget-heading\" data-id=\"4033b75\" data-element_type=\"widget\" data-settings=\"{&quot;_position&quot;:&quot;absolute&quot;}\" data-widget_type=\"heading.default\">\n\t\t\t\t<div class=\"elementor-widget-container\">\n\t\t\t<style>\/*! elementor - v3.21.0 - 26-05-2024 *\/\n.elementor-heading-title{padding:0;margin:0;line-height:1}.elementor-widget-heading .elementor-heading-title[class*=elementor-size-]>a{color:inherit;font-size:inherit;line-height:inherit}.elementor-widget-heading .elementor-heading-title.elementor-size-small{font-size:15px}.elementor-widget-heading .elementor-heading-title.elementor-size-medium{font-size:19px}.elementor-widget-heading .elementor-heading-title.elementor-size-large{font-size:29px}.elementor-widget-heading .elementor-heading-title.elementor-size-xl{font-size:39px}.elementor-widget-heading .elementor-heading-title.elementor-size-xxl{font-size:59px}<\/style><h2 class=\"elementor-heading-title elementor-size-default\">Hallo<\/h2>\t\t<\/div>\n\t\t\t\t<\/div>\n\t\t\r\n\t\t\t\t<div class=\"elementor-element elementor-element-8a6bc37 elementor-widget elementor-widget-rs-heading\" data-id=\"8a6bc37\" data-element_type=\"widget\" data-widget_type=\"rs-heading.default\">\n\t\t\t\t<div class=\"elementor-widget-container\">\n\t\t\t\n        <div class=\"prelements-heading default color_ animate- left normal_color  subnormal_color dots_no subnormal_color  \">\n        \t<div class=\"title-inner\">\n\t            <h2 class=\"title rs-split-text-enable split-in-fade\">Interessiert an der Zusammenarbeit?\n\t\t\t<\/h2>\t\t\t\t\n\t\t\t\t\t        <\/div>\n\t                <\/div>\n\t\t\n        \t\t<\/div>\n\t\t\t\t<\/div>\n\t\t\r\n\t\t\t\t<div class=\"elementor-element elementor-element-0d952f8 elementor-widget elementor-widget-rs-heading\" data-id=\"0d952f8\" data-element_type=\"widget\" data-widget_type=\"rs-heading.default\">\n\t\t\t\t<div class=\"elementor-widget-container\">\n\t\t\t\n        <div class=\"prelements-heading default color_ animate-  normal_color  subnormal_color dots_no subnormal_color  \">\n        \t<div class=\"title-inner\">\n\t            <h3 class=\"title rs-split-text-disable \"><span class=\"watermark\"><\/span>Schreib mir!  <span><a href=\"mailto:sophslie@gmail.com\">sophslie@gmail.com<\/a><\/span>\n\t\t\t<\/h3>\t\t\t\t\n\t\t\t\t\t        <\/div>\n\t                <\/div>\n\t\t\n        \t\t<\/div>\n\t\t\t\t<\/div>\n\t\t\r\n\t\t\t\t<div class=\"elementor-element elementor-element-e52d4ac elementor-widget elementor-widget-rs-button\" data-id=\"e52d4ac\" data-element_type=\"widget\" data-widget_type=\"rs-button.default\">\n\t\t\t\t<div class=\"elementor-widget-container\">\n\t\t\t\t\t<div class=\"rs-button style2 unique-60153\">\r\n\r\n\t\t\t\r\n\t\t\t\t\t\t\t<a class=\"rs-btn icon-sty-yes\" href=\"\/index.php\/kontakt\/\" >\r\n\t\t\t\t\t\t\t\t\t\t\t<span class=\"rs-icon\"><svg xmlns=\"http:\/\/www.w3.org\/2000\/svg\" viewBox=\"0 0 32 32\"><path d=\"M31,0H15V2H28.59L.29,30.29l1.41,1.41L30,3.41V16h2V1A1,1,0,0,0,31,0Z\"><\/path><\/svg><\/span>\r\n\t\t\t\t\t\t\t\t\t\t<span class=\"rs-btn-text\">Kontakt<\/span>\r\n\t\t\t\t\t\t\t\t\t\t\t<span class=\"rs-icon two\"><svg xmlns=\"http:\/\/www.w3.org\/2000\/svg\" viewBox=\"0 0 32 32\"><path d=\"M31,0H15V2H28.59L.29,30.29l1.41,1.41L30,3.41V16h2V1A1,1,0,0,0,31,0Z\"><\/path><\/svg><\/span>\r\n\t\t\t\t\t\t\t\t\t<\/a>\r\n\t\t\t\t\t<\/div>\r\n\t\t\t<\/div>\n\t\t\t\t<\/div>\n\t\t\t\t<\/div>\n\t\t\t\t<\/div>\n\t\t\t\t\t<\/div>\n\t\t\t\t<\/div>\n\t\t\t\t<\/div>\n\t\t","protected":false},"excerpt":{"rendered":"<p>Den digitalen Wandel als Sprungbrett f\u00fcr mehr Effizienz nutzen Um als Unternehmen, oder im kleinen Rahmen als Projekt, zukunftsf\u00e4hig und effizient aufgestellt zu sein, muss man stets am Zahn der Zeit bleiben. Bestehende Strukturen (der Zusammenarbeit, Prozesse, Kundenmanagement etc.) sollten regelm\u00e4\u00dfig auf Aktualit\u00e4t gepr\u00fcft werden, um Verbesserungspotenziale zu finden. Mir macht es Spa\u00df, Prozesse zu&#8230;<\/p>\n","protected":false},"author":1,"featured_media":0,"parent":112753,"menu_order":0,"comment_status":"closed","ping_status":"closed","template":"elementor_header_footer","meta":{"footnotes":""},"class_list":["post-129034","page","type-page","status-publish","hentry"],"yoast_head":"<!-- This site is optimized with the Yoast SEO plugin v22.8 - https:\/\/yoast.com\/wordpress\/plugins\/seo\/ -->\n<title>Analyse von Unternehmensprozessen - Sophie K\u00f6hler<\/title>\n<meta name=\"robots\" content=\"index, follow, max-snippet:-1, max-image-preview:large, max-video-preview:-1\" \/>\n<link rel=\"canonical\" href=\"https:\/\/www.sophie-koehler.de\/index.php\/skills\/analyse\/\" \/>\n<meta property=\"og:locale\" content=\"de_DE\" \/>\n<meta property=\"og:type\" content=\"article\" \/>\n<meta property=\"og:title\" content=\"Analyse von Unternehmensprozessen - Sophie K\u00f6hler\" \/>\n<meta property=\"og:description\" content=\"Den digitalen Wandel als Sprungbrett f\u00fcr mehr Effizienz nutzen Um als Unternehmen, oder im kleinen Rahmen als Projekt, zukunftsf\u00e4hig und effizient aufgestellt zu sein, muss man stets am Zahn der Zeit bleiben. Bestehende Strukturen (der Zusammenarbeit, Prozesse, Kundenmanagement etc.) sollten regelm\u00e4\u00dfig auf Aktualit\u00e4t gepr\u00fcft werden, um Verbesserungspotenziale zu finden. Mir macht es Spa\u00df, Prozesse zu...\" \/>\n<meta property=\"og:url\" content=\"https:\/\/www.sophie-koehler.de\/index.php\/skills\/analyse\/\" \/>\n<meta property=\"og:site_name\" content=\"Sophie K\u00f6hler\" \/>\n<meta property=\"article:modified_time\" content=\"2024-06-05T21:51:26+00:00\" \/>\n<meta property=\"og:image\" content=\"https:\/\/www.sophie-koehler.de\/wp-content\/uploads\/2024\/06\/analyse-scaled.jpg\" \/>\n<meta name=\"twitter:card\" content=\"summary_large_image\" \/>\n<meta name=\"twitter:label1\" content=\"Gesch\u00e4tzte Lesezeit\" \/>\n\t<meta name=\"twitter:data1\" content=\"2\u00a0Minuten\" \/>\n<script type=\"application\/ld+json\" class=\"yoast-schema-graph\">{\"@context\":\"https:\/\/schema.org\",\"@graph\":[{\"@type\":\"WebPage\",\"@id\":\"https:\/\/www.sophie-koehler.de\/index.php\/skills\/analyse\/\",\"url\":\"https:\/\/www.sophie-koehler.de\/index.php\/skills\/analyse\/\",\"name\":\"Analyse von Unternehmensprozessen - Sophie K\u00f6hler\",\"isPartOf\":{\"@id\":\"https:\/\/www.sophie-koehler.de\/#website\"},\"primaryImageOfPage\":{\"@id\":\"https:\/\/www.sophie-koehler.de\/index.php\/skills\/analyse\/#primaryimage\"},\"image\":{\"@id\":\"https:\/\/www.sophie-koehler.de\/index.php\/skills\/analyse\/#primaryimage\"},\"thumbnailUrl\":\"https:\/\/www.sophie-koehler.de\/wp-content\/uploads\/2024\/06\/analyse-scaled.jpg\",\"datePublished\":\"2024-01-12T05:48:15+00:00\",\"dateModified\":\"2024-06-05T21:51:26+00:00\",\"breadcrumb\":{\"@id\":\"https:\/\/www.sophie-koehler.de\/index.php\/skills\/analyse\/#breadcrumb\"},\"inLanguage\":\"de\",\"potentialAction\":[{\"@type\":\"ReadAction\",\"target\":[\"https:\/\/www.sophie-koehler.de\/index.php\/skills\/analyse\/\"]}]},{\"@type\":\"ImageObject\",\"inLanguage\":\"de\",\"@id\":\"https:\/\/www.sophie-koehler.de\/index.php\/skills\/analyse\/#primaryimage\",\"url\":\"https:\/\/www.sophie-koehler.de\/wp-content\/uploads\/2024\/06\/analyse-scaled.jpg\",\"contentUrl\":\"https:\/\/www.sophie-koehler.de\/wp-content\/uploads\/2024\/06\/analyse-scaled.jpg\",\"width\":2560,\"height\":1696},{\"@type\":\"BreadcrumbList\",\"@id\":\"https:\/\/www.sophie-koehler.de\/index.php\/skills\/analyse\/#breadcrumb\",\"itemListElement\":[{\"@type\":\"ListItem\",\"position\":1,\"name\":\"Startseite\",\"item\":\"https:\/\/www.sophie-koehler.de\/\"},{\"@type\":\"ListItem\",\"position\":2,\"name\":\"Skills\",\"item\":\"https:\/\/www.sophie-koehler.de\/index.php\/skills\/\"},{\"@type\":\"ListItem\",\"position\":3,\"name\":\"Analyse von Unternehmensprozessen\"}]},{\"@type\":\"WebSite\",\"@id\":\"https:\/\/www.sophie-koehler.de\/#website\",\"url\":\"https:\/\/www.sophie-koehler.de\/\",\"name\":\"Sophie K\u00f6hler\",\"description\":\"\",\"potentialAction\":[{\"@type\":\"SearchAction\",\"target\":{\"@type\":\"EntryPoint\",\"urlTemplate\":\"https:\/\/www.sophie-koehler.de\/?s={search_term_string}\"},\"query-input\":\"required name=search_term_string\"}],\"inLanguage\":\"de\"}]}<\/script>\n<!-- \/ Yoast SEO plugin. -->","yoast_head_json":{"title":"Analyse von Unternehmensprozessen - Sophie K\u00f6hler","robots":{"index":"index","follow":"follow","max-snippet":"max-snippet:-1","max-image-preview":"max-image-preview:large","max-video-preview":"max-video-preview:-1"},"canonical":"https:\/\/www.sophie-koehler.de\/index.php\/skills\/analyse\/","og_locale":"de_DE","og_type":"article","og_title":"Analyse von Unternehmensprozessen - Sophie K\u00f6hler","og_description":"Den digitalen Wandel als Sprungbrett f\u00fcr mehr Effizienz nutzen Um als Unternehmen, oder im kleinen Rahmen als Projekt, zukunftsf\u00e4hig und effizient aufgestellt zu sein, muss man stets am Zahn der Zeit bleiben. Bestehende Strukturen (der Zusammenarbeit, Prozesse, Kundenmanagement etc.) sollten regelm\u00e4\u00dfig auf Aktualit\u00e4t gepr\u00fcft werden, um Verbesserungspotenziale zu finden. Mir macht es Spa\u00df, Prozesse zu...","og_url":"https:\/\/www.sophie-koehler.de\/index.php\/skills\/analyse\/","og_site_name":"Sophie K\u00f6hler","article_modified_time":"2024-06-05T21:51:26+00:00","og_image":[{"url":"https:\/\/www.sophie-koehler.de\/wp-content\/uploads\/2024\/06\/analyse-scaled.jpg"}],"twitter_card":"summary_large_image","twitter_misc":{"Gesch\u00e4tzte Lesezeit":"2\u00a0Minuten"},"schema":{"@context":"https:\/\/schema.org","@graph":[{"@type":"WebPage","@id":"https:\/\/www.sophie-koehler.de\/index.php\/skills\/analyse\/","url":"https:\/\/www.sophie-koehler.de\/index.php\/skills\/analyse\/","name":"Analyse von Unternehmensprozessen - Sophie K\u00f6hler","isPartOf":{"@id":"https:\/\/www.sophie-koehler.de\/#website"},"primaryImageOfPage":{"@id":"https:\/\/www.sophie-koehler.de\/index.php\/skills\/analyse\/#primaryimage"},"image":{"@id":"https:\/\/www.sophie-koehler.de\/index.php\/skills\/analyse\/#primaryimage"},"thumbnailUrl":"https:\/\/www.sophie-koehler.de\/wp-content\/uploads\/2024\/06\/analyse-scaled.jpg","datePublished":"2024-01-12T05:48:15+00:00","dateModified":"2024-06-05T21:51:26+00:00","breadcrumb":{"@id":"https:\/\/www.sophie-koehler.de\/index.php\/skills\/analyse\/#breadcrumb"},"inLanguage":"de","potentialAction":[{"@type":"ReadAction","target":["https:\/\/www.sophie-koehler.de\/index.php\/skills\/analyse\/"]}]},{"@type":"ImageObject","inLanguage":"de","@id":"https:\/\/www.sophie-koehler.de\/index.php\/skills\/analyse\/#primaryimage","url":"https:\/\/www.sophie-koehler.de\/wp-content\/uploads\/2024\/06\/analyse-scaled.jpg","contentUrl":"https:\/\/www.sophie-koehler.de\/wp-content\/uploads\/2024\/06\/analyse-scaled.jpg","width":2560,"height":1696},{"@type":"BreadcrumbList","@id":"https:\/\/www.sophie-koehler.de\/index.php\/skills\/analyse\/#breadcrumb","itemListElement":[{"@type":"ListItem","position":1,"name":"Startseite","item":"https:\/\/www.sophie-koehler.de\/"},{"@type":"ListItem","position":2,"name":"Skills","item":"https:\/\/www.sophie-koehler.de\/index.php\/skills\/"},{"@type":"ListItem","position":3,"name":"Analyse von Unternehmensprozessen"}]},{"@type":"WebSite","@id":"https:\/\/www.sophie-koehler.de\/#website","url":"https:\/\/www.sophie-koehler.de\/","name":"Sophie K\u00f6hler","description":"","potentialAction":[{"@type":"SearchAction","target":{"@type":"EntryPoint","urlTemplate":"https:\/\/www.sophie-koehler.de\/?s={search_term_string}"},"query-input":"required name=search_term_string"}],"inLanguage":"de"}]}},"_links":{"self":[{"href":"https:\/\/www.sophie-koehler.de\/index.php\/wp-json\/wp\/v2\/pages\/129034","targetHints":{"allow":["GET"]}}],"collection":[{"href":"https:\/\/www.sophie-koehler.de\/index.php\/wp-json\/wp\/v2\/pages"}],"about":[{"href":"https:\/\/www.sophie-koehler.de\/index.php\/wp-json\/wp\/v2\/types\/page"}],"author":[{"embeddable":true,"href":"https:\/\/www.sophie-koehler.de\/index.php\/wp-json\/wp\/v2\/users\/1"}],"replies":[{"embeddable":true,"href":"https:\/\/www.sophie-koehler.de\/index.php\/wp-json\/wp\/v2\/comments?post=129034"}],"version-history":[{"count":17,"href":"https:\/\/www.sophie-koehler.de\/index.php\/wp-json\/wp\/v2\/pages\/129034\/revisions"}],"predecessor-version":[{"id":142646,"href":"https:\/\/www.sophie-koehler.de\/index.php\/wp-json\/wp\/v2\/pages\/129034\/revisions\/142646"}],"up":[{"embeddable":true,"href":"https:\/\/www.sophie-koehler.de\/index.php\/wp-json\/wp\/v2\/pages\/112753"}],"wp:attachment":[{"href":"https:\/\/www.sophie-koehler.de\/index.php\/wp-json\/wp\/v2\/media?parent=129034"}],"curies":[{"name":"wp","href":"https:\/\/api.w.org\/{rel}","templated":true}]}}